{"id":14271,"date":"2022-05-20T10:45:47","date_gmt":"2022-05-20T10:45:47","guid":{"rendered":"https:\/\/hispaniaschools.com\/testing\/"},"modified":"2022-05-24T12:32:32","modified_gmt":"2022-05-24T12:32:32","slug":"testing","status":"publish","type":"page","link":"https:\/\/hispaniaschools.com\/de\/testing\/","title":{"rendered":"testing"},"content":{"rendered":"\t\t<div data-elementor-type=\"wp-page\" data-elementor-id=\"14271\" class=\"elementor elementor-14271 elementor-14262\" data-elementor-post-type=\"page\">\n\t\t\t\t\t\t<section class=\"elementor-section elementor-top-section elementor-element elementor-element-a5c5a8c elementor-section-boxed elementor-section-height-default elementor-section-height-default\" data-id=\"a5c5a8c\" data-element_type=\"section\">\n\t\t\t\t\t\t<div class=\"elementor-container elementor-column-gap-default\">\n\t\t\t\t\t<div class=\"elementor-column elementor-col-100 elementor-top-column elementor-element elementor-element-c1c6d37\" data-id=\"c1c6d37\" data-element_type=\"column\">\n\t\t\t<div class=\"elementor-widget-wrap elementor-element-populated\">\n\t\t\t\t\t\t<div class=\"elementor-element elementor-element-01afc68 elementor-hidden-desktop elementor-hidden-tablet elementor-widget elementor-widget-elementskit-accordion\" data-id=\"01afc68\" data-element_type=\"widget\" data-widget_type=\"elementskit-accordion.default\">\n\t\t\t\t<div class=\"elementor-widget-container\">\n\t\t\t\t\t<div class=\"ekit-wid-con\" >\n        <div class=\"elementskit-accordion accoedion-primary\" id=\"accordion-69e059ab86c89\">\n\n            \n                <div class=\"elementskit-card active\">\n                    <div class=\"elementskit-card-header\" id=\"primaryHeading-0-01afc68\">\n                        <a href=\"#collapse-5f3e1a869e059ab86c89\" class=\"ekit-accordion--toggler elementskit-btn-link collapsed\" data-ekit-toggle=\"collapse\" data-target=\"#Collapse-5f3e1a869e059ab86c89\" aria-expanded=\"true\" aria-controls=\"Collapse-5f3e1a869e059ab86c89\">\n                            \n                            <span class=\"ekit-accordion-title\">Sobre la escuela<\/span>\n\n                            \n                                <div class=\"ekit_accordion_icon_group\">\n                                    <div class=\"ekit_accordion_normal_icon\">\n                                        <!-- Normal Icon -->\n\t\t\t\t\t\t\t\t\t\t<i class=\"icon icon-down-arrow1\"><\/i>                                    <\/div>\n\n                                    <div class=\"ekit_accordion_active_icon\">\n                                        <!-- Active Icon -->\n\t\t\t\t\t\t\t\t\t\t<i class=\"icon icon-up-arrow1\"><\/i>                                    <\/div>\n                                <\/div>\n\n                            \n                                                    <\/a>\n                    <\/div>\n\n                    <div id=\"Collapse-5f3e1a869e059ab86c89\" class=\" show collapse\" aria-labelledby=\"primaryHeading-0-01afc68\" data-parent=\"#accordion-69e059ab86c89\">\n\n                        <div class=\"elementskit-card-body ekit-accordion--content\">\n                                                    <\/div>\n\n                    <\/div>\n\n                <\/div><!-- .elementskit-card END -->\n\n                \n                <div class=\"elementskit-card \">\n                    <div class=\"elementskit-card-header\" id=\"primaryHeading-1-01afc68\">\n                        <a href=\"#collapse-48a409969e059ab86c89\" class=\"ekit-accordion--toggler elementskit-btn-link collapsed\" data-ekit-toggle=\"collapse\" data-target=\"#Collapse-48a409969e059ab86c89\" aria-expanded=\"false\" aria-controls=\"Collapse-48a409969e059ab86c89\">\n                            \n                            <span class=\"ekit-accordion-title\">Cursos de Espa\u00f1ol en M\u00e1laga<\/span>\n\n                            \n                                <div class=\"ekit_accordion_icon_group\">\n                                    <div class=\"ekit_accordion_normal_icon\">\n                                        <!-- Normal Icon -->\n\t\t\t\t\t\t\t\t\t\t<i class=\"icon icon-down-arrow1\"><\/i>                                    <\/div>\n\n                                    <div class=\"ekit_accordion_active_icon\">\n                                        <!-- Active Icon -->\n\t\t\t\t\t\t\t\t\t\t<i class=\"icon icon-up-arrow1\"><\/i>                                    <\/div>\n                                <\/div>\n\n                            \n                                                    <\/a>\n                    <\/div>\n\n                    <div id=\"Collapse-48a409969e059ab86c89\" class=\" collapse\" aria-labelledby=\"primaryHeading-1-01afc68\" data-parent=\"#accordion-69e059ab86c89\">\n\n                        <div class=\"elementskit-card-body ekit-accordion--content\">\n                                                    <\/div>\n\n                    <\/div>\n\n                <\/div><!-- .elementskit-card END -->\n\n                \n                <div class=\"elementskit-card \">\n                    <div class=\"elementskit-card-header\" id=\"primaryHeading-2-01afc68\">\n                        <a href=\"#collapse-645932b69e059ab86c89\" class=\"ekit-accordion--toggler elementskit-btn-link collapsed\" data-ekit-toggle=\"collapse\" data-target=\"#Collapse-645932b69e059ab86c89\" aria-expanded=\"false\" aria-controls=\"Collapse-645932b69e059ab86c89\">\n                            \n                            <span class=\"ekit-accordion-title\">Alojamientos en M\u00e1laga<\/span>\n\n                            \n                                <div class=\"ekit_accordion_icon_group\">\n                                    <div class=\"ekit_accordion_normal_icon\">\n                                        <!-- Normal Icon -->\n\t\t\t\t\t\t\t\t\t\t<i class=\"icon icon-down-arrow1\"><\/i>                                    <\/div>\n\n                                    <div class=\"ekit_accordion_active_icon\">\n                                        <!-- Active Icon -->\n\t\t\t\t\t\t\t\t\t\t<i class=\"icon icon-up-arrow1\"><\/i>                                    <\/div>\n                                <\/div>\n\n                            \n                                                    <\/a>\n                    <\/div>\n\n                    <div id=\"Collapse-645932b69e059ab86c89\" class=\" collapse\" aria-labelledby=\"primaryHeading-2-01afc68\" data-parent=\"#accordion-69e059ab86c89\">\n\n                        <div class=\"elementskit-card-body ekit-accordion--content\">\n                                                    <\/div>\n\n                    <\/div>\n\n                <\/div><!-- .elementskit-card END -->\n\n                \n                <div class=\"elementskit-card \">\n                    <div class=\"elementskit-card-header\" id=\"primaryHeading-3-01afc68\">\n                        <a href=\"#collapse-0d6124469e059ab86c89\" class=\"ekit-accordion--toggler elementskit-btn-link collapsed\" data-ekit-toggle=\"collapse\" data-target=\"#Collapse-0d6124469e059ab86c89\" aria-expanded=\"false\" aria-controls=\"Collapse-0d6124469e059ab86c89\">\n                            \n                            <span class=\"ekit-accordion-title\">Accommodation Options<\/span>\n\n                            \n                                <div class=\"ekit_accordion_icon_group\">\n                                    <div class=\"ekit_accordion_normal_icon\">\n                                        <!-- Normal Icon -->\n\t\t\t\t\t\t\t\t\t\t<i class=\"icon icon-down-arrow1\"><\/i>                                    <\/div>\n\n                                    <div class=\"ekit_accordion_active_icon\">\n                                        <!-- Active Icon -->\n\t\t\t\t\t\t\t\t\t\t<i class=\"icon icon-up-arrow1\"><\/i>                                    <\/div>\n                                <\/div>\n\n                            \n                                                    <\/a>\n                    <\/div>\n\n                    <div id=\"Collapse-0d6124469e059ab86c89\" class=\" collapse\" aria-labelledby=\"primaryHeading-3-01afc68\" data-parent=\"#accordion-69e059ab86c89\">\n\n                        <div class=\"elementskit-card-body ekit-accordion--content\">\n                                                    <\/div>\n\n                    <\/div>\n\n                <\/div><!-- .elementskit-card END -->\n\n                \n                <div class=\"elementskit-card \">\n                    <div class=\"elementskit-card-header\" id=\"primaryHeading-4-01afc68\">\n                        <a href=\"#collapse-f997a8969e059ab86c89\" class=\"ekit-accordion--toggler elementskit-btn-link collapsed\" data-ekit-toggle=\"collapse\" data-target=\"#Collapse-f997a8969e059ab86c89\" aria-expanded=\"false\" aria-controls=\"Collapse-f997a8969e059ab86c89\">\n                            \n                            <span class=\"ekit-accordion-title\">Programa Social en M\u00e1laga<\/span>\n\n                            \n                                <div class=\"ekit_accordion_icon_group\">\n                                    <div class=\"ekit_accordion_normal_icon\">\n                                        <!-- Normal Icon -->\n\t\t\t\t\t\t\t\t\t\t<i class=\"icon icon-down-arrow1\"><\/i>                                    <\/div>\n\n                                    <div class=\"ekit_accordion_active_icon\">\n                                        <!-- Active Icon -->\n\t\t\t\t\t\t\t\t\t\t<i class=\"icon icon-up-arrow1\"><\/i>                                    <\/div>\n                                <\/div>\n\n                            \n                                                    <\/a>\n                    <\/div>\n\n                    <div id=\"Collapse-f997a8969e059ab86c89\" class=\" collapse\" aria-labelledby=\"primaryHeading-4-01afc68\" data-parent=\"#accordion-69e059ab86c89\">\n\n                        <div class=\"elementskit-card-body ekit-accordion--content\">\n                                                    <\/div>\n\n                    <\/div>\n\n                <\/div><!-- .elementskit-card END -->\n\n                \n                <div class=\"elementskit-card \">\n                    <div class=\"elementskit-card-header\" id=\"primaryHeading-5-01afc68\">\n                        <a href=\"#collapse-f42747669e059ab86c89\" class=\"ekit-accordion--toggler elementskit-btn-link collapsed\" data-ekit-toggle=\"collapse\" data-target=\"#Collapse-f42747669e059ab86c89\" aria-expanded=\"false\" aria-controls=\"Collapse-f42747669e059ab86c89\">\n                            \n                            <span class=\"ekit-accordion-title\">Comparador de Precios<\/span>\n\n                            \n                                <div class=\"ekit_accordion_icon_group\">\n                                    <div class=\"ekit_accordion_normal_icon\">\n                                        <!-- Normal Icon -->\n\t\t\t\t\t\t\t\t\t\t<i class=\"icon icon-down-arrow1\"><\/i>                                    <\/div>\n\n                                    <div class=\"ekit_accordion_active_icon\">\n                                        <!-- Active Icon -->\n\t\t\t\t\t\t\t\t\t\t<i class=\"icon icon-up-arrow1\"><\/i>                                    <\/div>\n                                <\/div>\n\n                            \n                                                    <\/a>\n                    <\/div>\n\n                    <div id=\"Collapse-f42747669e059ab86c89\" class=\" collapse\" aria-labelledby=\"primaryHeading-5-01afc68\" data-parent=\"#accordion-69e059ab86c89\">\n\n                        <div class=\"elementskit-card-body ekit-accordion--content\">\n                                                    <\/div>\n\n                    <\/div>\n\n                <\/div><!-- .elementskit-card END -->\n\n                                        <\/div>\n    <\/div>\t\t\t\t<\/div>\n\t\t\t\t<\/div>\n\t\t\t\t\t<\/div>\n\t\t<\/div>\n\t\t\t\t\t<\/div>\n\t\t<\/section>\n\t\t\t\t<\/div>\n\t\t","protected":false},"excerpt":{"rendered":"<p>Sobre la escuela La escuela est\u00e1 situada en un precioso edificio hist\u00f3rico en la famosa Plaza de la Merced, una de las plazas con m\u00e1s ambiente de M\u00e1laga. Su inmejorable localizaci\u00f3n en pleno casco antiguo de la ciudad, permite visitar todos los lugares culturales de inter\u00e9s mientras se disfruta de un paseo a pie por [&hellip;]<\/p>\n","protected":false},"author":2,"featured_media":0,"parent":0,"menu_order":0,"comment_status":"closed","ping_status":"closed","template":"","meta":{"inline_featured_image":false,"site-sidebar-layout":"no-sidebar","site-content-layout":"page-builder","ast-site-content-layout":"default","site-content-style":"default","site-sidebar-style":"default","ast-global-header-display":"","ast-banner-title-visibility":"","ast-main-header-display":"","ast-hfb-above-header-display":"","ast-hfb-below-header-display":"","ast-hfb-mobile-header-display":"","site-post-title":"disabled","ast-breadcrumbs-content":"","ast-featured-img":"disabled","footer-sml-layout":"","theme-transparent-header-meta":"","adv-header-id-meta":"","stick-header-meta":"","header-above-stick-meta":"","header-main-stick-meta":"","header-below-stick-meta":"","astra-migrate-meta-layouts":"default","ast-page-background-enabled":"default","ast-page-background-meta":{"desktop":{"background-color":"var(--ast-global-color-4)","background-image":"","background-repeat":"repeat","background-position":"center center","background-size":"auto","background-attachment":"scroll","background-type":"","background-media":"","overlay-type":"","overlay-color":"","overlay-opacity":"","overlay-gradient":""},"tablet":{"background-color":"","background-image":"","background-repeat":"repeat","background-position":"center center","background-size":"auto","background-attachment":"scroll","background-type":"","background-media":"","overlay-type":"","overlay-color":"","overlay-opacity":"","overlay-gradient":""},"mobile":{"background-color":"","background-image":"","background-repeat":"repeat","background-position":"center center","background-size":"auto","background-attachment":"scroll","background-type":"","background-media":"","overlay-type":"","overlay-color":"","overlay-opacity":"","overlay-gradient":""}},"ast-content-background-meta":{"desktop":{"background-color":"var(--ast-global-color-5)","background-image":"","background-repeat":"repeat","background-position":"center center","background-size":"auto","background-attachment":"scroll","background-type":"","background-media":"","overlay-type":"","overlay-color":"","overlay-opacity":"","overlay-gradient":""},"tablet":{"background-color":"var(--ast-global-color-5)","background-image":"","background-repeat":"repeat","background-position":"center center","background-size":"auto","background-attachment":"scroll","background-type":"","background-media":"","overlay-type":"","overlay-color":"","overlay-opacity":"","overlay-gradient":""},"mobile":{"background-color":"var(--ast-global-color-5)","background-image":"","background-repeat":"repeat","background-position":"center center","background-size":"auto","background-attachment":"scroll","background-type":"","background-media":"","overlay-type":"","overlay-color":"","overlay-opacity":"","overlay-gradient":""}},"footnotes":""},"class_list":["post-14271","page","type-page","status-publish","hentry"],"yoast_head":"<!-- This site is optimized with the Yoast SEO plugin v25.8 - https:\/\/yoast.com\/wordpress\/plugins\/seo\/ -->\n<title>testing - Hispania Schools<\/title>\n<meta name=\"robots\" content=\"index, follow, max-snippet:-1, max-image-preview:large, max-video-preview:-1\" \/>\n<link rel=\"canonical\" href=\"https:\/\/hispaniaschools.com\/de\/testing\/\" \/>\n<meta property=\"og:locale\" content=\"de_DE\" \/>\n<meta property=\"og:type\" content=\"article\" \/>\n<meta property=\"og:title\" content=\"testing - Hispania Schools\" \/>\n<meta property=\"og:description\" content=\"Sobre la escuela La escuela est\u00e1 situada en un precioso edificio hist\u00f3rico en la famosa Plaza de la Merced, una de las plazas con m\u00e1s ambiente de M\u00e1laga. Su inmejorable localizaci\u00f3n en pleno casco antiguo de la ciudad, permite visitar todos los lugares culturales de inter\u00e9s mientras se disfruta de un paseo a pie por [&hellip;]\" \/>\n<meta property=\"og:url\" content=\"https:\/\/hispaniaschools.com\/de\/testing\/\" \/>\n<meta property=\"og:site_name\" content=\"Hispania Schools\" \/>\n<meta property=\"article:modified_time\" content=\"2022-05-24T12:32:32+00:00\" \/>\n<meta property=\"og:image\" content=\"https:\/\/hispaniaschools.com\/wp-content\/uploads\/2022\/05\/16escuela-re.jpg\" \/>\n<meta name=\"twitter:card\" content=\"summary_large_image\" \/>\n<meta name=\"twitter:label1\" content=\"Est. reading time\" \/>\n\t<meta name=\"twitter:data1\" content=\"2 minutes\" \/>\n<script type=\"application\/ld+json\" class=\"yoast-schema-graph\">{\"@context\":\"https:\/\/schema.org\",\"@graph\":[{\"@type\":\"WebPage\",\"@id\":\"https:\/\/hispaniaschools.com\/de\/testing\/\",\"url\":\"https:\/\/hispaniaschools.com\/de\/testing\/\",\"name\":\"testing - Hispania Schools\",\"isPartOf\":{\"@id\":\"https:\/\/hispaniaschools.com\/de\/#website\"},\"primaryImageOfPage\":{\"@id\":\"https:\/\/hispaniaschools.com\/de\/testing\/#primaryimage\"},\"image\":{\"@id\":\"https:\/\/hispaniaschools.com\/de\/testing\/#primaryimage\"},\"thumbnailUrl\":\"https:\/\/hispaniaschools.com\/wp-content\/uploads\/2022\/05\/16escuela-re.jpg\",\"datePublished\":\"2022-05-20T10:45:47+00:00\",\"dateModified\":\"2022-05-24T12:32:32+00:00\",\"breadcrumb\":{\"@id\":\"https:\/\/hispaniaschools.com\/de\/testing\/#breadcrumb\"},\"inLanguage\":\"de-DE\",\"potentialAction\":[{\"@type\":\"ReadAction\",\"target\":[\"https:\/\/hispaniaschools.com\/de\/testing\/\"]}]},{\"@type\":\"ImageObject\",\"inLanguage\":\"de-DE\",\"@id\":\"https:\/\/hispaniaschools.com\/de\/testing\/#primaryimage\",\"url\":\"https:\/\/hispaniaschools.com\/wp-content\/uploads\/2022\/05\/16escuela-re.jpg\",\"contentUrl\":\"https:\/\/hispaniaschools.com\/wp-content\/uploads\/2022\/05\/16escuela-re.jpg\"},{\"@type\":\"BreadcrumbList\",\"@id\":\"https:\/\/hispaniaschools.com\/de\/testing\/#breadcrumb\",\"itemListElement\":[{\"@type\":\"ListItem\",\"position\":1,\"name\":\"Home\",\"item\":\"https:\/\/hispaniaschools.com\/de\/\"},{\"@type\":\"ListItem\",\"position\":2,\"name\":\"testing\"}]},{\"@type\":\"WebSite\",\"@id\":\"https:\/\/hispaniaschools.com\/de\/#website\",\"url\":\"https:\/\/hispaniaschools.com\/de\/\",\"name\":\"Hispania Schools\",\"description\":\"Learn Spanish Abroad\",\"publisher\":{\"@id\":\"https:\/\/hispaniaschools.com\/de\/#organization\"},\"potentialAction\":[{\"@type\":\"SearchAction\",\"target\":{\"@type\":\"EntryPoint\",\"urlTemplate\":\"https:\/\/hispaniaschools.com\/de\/?s={search_term_string}\"},\"query-input\":{\"@type\":\"PropertyValueSpecification\",\"valueRequired\":true,\"valueName\":\"search_term_string\"}}],\"inLanguage\":\"de-DE\"},{\"@type\":\"Organization\",\"@id\":\"https:\/\/hispaniaschools.com\/de\/#organization\",\"name\":\"Hispania Schools\",\"url\":\"https:\/\/hispaniaschools.com\/de\/\",\"logo\":{\"@type\":\"ImageObject\",\"inLanguage\":\"de-DE\",\"@id\":\"https:\/\/hispaniaschools.com\/de\/#\/schema\/logo\/image\/\",\"url\":\"https:\/\/hispaniaschools.com\/wp-content\/uploads\/2022\/07\/lighter-logo-mark.png\",\"contentUrl\":\"https:\/\/hispaniaschools.com\/wp-content\/uploads\/2022\/07\/lighter-logo-mark.png\",\"width\":1265,\"height\":1265,\"caption\":\"Hispania Schools\"},\"image\":{\"@id\":\"https:\/\/hispaniaschools.com\/de\/#\/schema\/logo\/image\/\"}}]}<\/script>\n<!-- \/ Yoast SEO plugin. -->","yoast_head_json":{"title":"testing - Hispania Schools","robots":{"index":"index","follow":"follow","max-snippet":"max-snippet:-1","max-image-preview":"max-image-preview:large","max-video-preview":"max-video-preview:-1"},"canonical":"https:\/\/hispaniaschools.com\/de\/testing\/","og_locale":"de_DE","og_type":"article","og_title":"testing - Hispania Schools","og_description":"Sobre la escuela La escuela est\u00e1 situada en un precioso edificio hist\u00f3rico en la famosa Plaza de la Merced, una de las plazas con m\u00e1s ambiente de M\u00e1laga. Su inmejorable localizaci\u00f3n en pleno casco antiguo de la ciudad, permite visitar todos los lugares culturales de inter\u00e9s mientras se disfruta de un paseo a pie por [&hellip;]","og_url":"https:\/\/hispaniaschools.com\/de\/testing\/","og_site_name":"Hispania Schools","article_modified_time":"2022-05-24T12:32:32+00:00","og_image":[{"url":"https:\/\/hispaniaschools.com\/wp-content\/uploads\/2022\/05\/16escuela-re.jpg","type":"","width":"","height":""}],"twitter_card":"summary_large_image","twitter_misc":{"Est. reading time":"2 minutes"},"schema":{"@context":"https:\/\/schema.org","@graph":[{"@type":"WebPage","@id":"https:\/\/hispaniaschools.com\/de\/testing\/","url":"https:\/\/hispaniaschools.com\/de\/testing\/","name":"testing - Hispania Schools","isPartOf":{"@id":"https:\/\/hispaniaschools.com\/de\/#website"},"primaryImageOfPage":{"@id":"https:\/\/hispaniaschools.com\/de\/testing\/#primaryimage"},"image":{"@id":"https:\/\/hispaniaschools.com\/de\/testing\/#primaryimage"},"thumbnailUrl":"https:\/\/hispaniaschools.com\/wp-content\/uploads\/2022\/05\/16escuela-re.jpg","datePublished":"2022-05-20T10:45:47+00:00","dateModified":"2022-05-24T12:32:32+00:00","breadcrumb":{"@id":"https:\/\/hispaniaschools.com\/de\/testing\/#breadcrumb"},"inLanguage":"de-DE","potentialAction":[{"@type":"ReadAction","target":["https:\/\/hispaniaschools.com\/de\/testing\/"]}]},{"@type":"ImageObject","inLanguage":"de-DE","@id":"https:\/\/hispaniaschools.com\/de\/testing\/#primaryimage","url":"https:\/\/hispaniaschools.com\/wp-content\/uploads\/2022\/05\/16escuela-re.jpg","contentUrl":"https:\/\/hispaniaschools.com\/wp-content\/uploads\/2022\/05\/16escuela-re.jpg"},{"@type":"BreadcrumbList","@id":"https:\/\/hispaniaschools.com\/de\/testing\/#breadcrumb","itemListElement":[{"@type":"ListItem","position":1,"name":"Home","item":"https:\/\/hispaniaschools.com\/de\/"},{"@type":"ListItem","position":2,"name":"testing"}]},{"@type":"WebSite","@id":"https:\/\/hispaniaschools.com\/de\/#website","url":"https:\/\/hispaniaschools.com\/de\/","name":"Hispania Schools","description":"Learn Spanish Abroad","publisher":{"@id":"https:\/\/hispaniaschools.com\/de\/#organization"},"potentialAction":[{"@type":"SearchAction","target":{"@type":"EntryPoint","urlTemplate":"https:\/\/hispaniaschools.com\/de\/?s={search_term_string}"},"query-input":{"@type":"PropertyValueSpecification","valueRequired":true,"valueName":"search_term_string"}}],"inLanguage":"de-DE"},{"@type":"Organization","@id":"https:\/\/hispaniaschools.com\/de\/#organization","name":"Hispania Schools","url":"https:\/\/hispaniaschools.com\/de\/","logo":{"@type":"ImageObject","inLanguage":"de-DE","@id":"https:\/\/hispaniaschools.com\/de\/#\/schema\/logo\/image\/","url":"https:\/\/hispaniaschools.com\/wp-content\/uploads\/2022\/07\/lighter-logo-mark.png","contentUrl":"https:\/\/hispaniaschools.com\/wp-content\/uploads\/2022\/07\/lighter-logo-mark.png","width":1265,"height":1265,"caption":"Hispania Schools"},"image":{"@id":"https:\/\/hispaniaschools.com\/de\/#\/schema\/logo\/image\/"}}]}},"_links":{"self":[{"href":"https:\/\/hispaniaschools.com\/de\/wp-json\/wp\/v2\/pages\/14271","targetHints":{"allow":["GET"]}}],"collection":[{"href":"https:\/\/hispaniaschools.com\/de\/wp-json\/wp\/v2\/pages"}],"about":[{"href":"https:\/\/hispaniaschools.com\/de\/wp-json\/wp\/v2\/types\/page"}],"author":[{"embeddable":true,"href":"https:\/\/hispaniaschools.com\/de\/wp-json\/wp\/v2\/users\/2"}],"replies":[{"embeddable":true,"href":"https:\/\/hispaniaschools.com\/de\/wp-json\/wp\/v2\/comments?post=14271"}],"version-history":[{"count":0,"href":"https:\/\/hispaniaschools.com\/de\/wp-json\/wp\/v2\/pages\/14271\/revisions"}],"wp:attachment":[{"href":"https:\/\/hispaniaschools.com\/de\/wp-json\/wp\/v2\/media?parent=14271"}],"curies":[{"name":"wp","href":"https:\/\/api.w.org\/{rel}","templated":true}]}}